{"id":34,"date":"2025-09-17T02:27:14","date_gmt":"2025-09-17T02:27:14","guid":{"rendered":"https:\/\/transerlogistica.com\/?page_id=34"},"modified":"2025-09-21T15:31:17","modified_gmt":"2025-09-21T15:31:17","slug":"servicios","status":"publish","type":"page","link":"https:\/\/transerlogistica.com\/index.php\/servicios\/","title":{"rendered":"Servicios"},"content":{"rendered":"\t\t<div data-elementor-type=\"wp-page\" data-elementor-id=\"34\" class=\"elementor elementor-34\" data-elementor-post-type=\"page\">\n\t\t\t\t<div class=\"elementor-element elementor-element-b3cedd4 e-con-full e-flex e-con e-parent\" data-id=\"b3cedd4\" data-element_type=\"container\" data-settings=\"{&quot;background_background&quot;:&quot;classic&quot;}\">\n\t\t<div class=\"elementor-element elementor-element-60035ab e-con-full e-flex e-con e-child\" data-id=\"60035ab\" data-element_type=\"container\" data-settings=\"{&quot;background_background&quot;:&quot;classic&quot;}\">\n\t\t\t\t<div class=\"elementor-element elementor-element-c068450 elementor-widget elementor-widget-heading\" data-id=\"c068450\" data-element_type=\"widget\" data-widget_type=\"heading.default\">\n\t\t\t\t\t<h2 class=\"elementor-heading-title elementor-size-default\"><p><b>Transporte<\/b>\nespecializado para <b>cada necesidad.<\/b><\/p>\n<\/h2>\t\t\t\t<\/div>\n\t\t\t\t<div class=\"elementor-element elementor-element-a3601b1 elementor-widget-divider--view-line elementor-widget elementor-widget-divider\" data-id=\"a3601b1\" data-element_type=\"widget\" data-widget_type=\"divider.default\">\n\t\t\t\t\t\t\t<div class=\"elementor-divider\">\n\t\t\t<span class=\"elementor-divider-separator\">\n\t\t\t\t\t\t<\/span>\n\t\t<\/div>\n\t\t\t\t\t\t<\/div>\n\t\t\t\t<div class=\"elementor-element elementor-element-fa74711 elementor-widget elementor-widget-text-editor\" data-id=\"fa74711\" data-element_type=\"widget\" data-widget_type=\"text-editor.default\">\n\t\t\t\t\t\t\t\t\t<p>Soluciones de transporte dise\u00f1adas espec\u00edficamente para el sector de la salud, garantizando la seguridad e integridad de cada env\u00edo.<\/p><p>\u00a0<\/p><ul><li><p><b>Transporte de muestras biol\u00f3gicas y medicamentos:<\/b> Contamos con el cuidado y la capacitaci\u00f3n necesarios para el traslado de muestras de laboratorio y medicaci\u00f3n que requieren manipulaci\u00f3n especial.\u00a0<\/p><\/li><\/ul><p>\u00a0<\/p><ul><li><p><b>Movimiento de equipos delicados:<\/b> Transportamos equipamiento m\u00e9dico y otros dispositivos sensibles con la mayor precauci\u00f3n, asegurando que lleguen a su destino sin da\u00f1os.<\/p><\/li><\/ul>\t\t\t\t\t\t\t\t<\/div>\n\t\t\t\t<\/div>\n\t\t<div class=\"elementor-element elementor-element-b4d6fea e-con-full e-flex e-con e-child\" data-id=\"b4d6fea\" data-element_type=\"container\" data-settings=\"{&quot;background_background&quot;:&quot;classic&quot;}\">\n\t\t<div class=\"elementor-element elementor-element-740028e e-grid e-con-full e-con e-child\" data-id=\"740028e\" data-element_type=\"container\">\n\t\t\t\t<div class=\"elementor-element elementor-element-29ef03d elementor-widget elementor-widget-image\" data-id=\"29ef03d\" data-element_type=\"widget\" data-widget_type=\"image.default\">\n\t\t\t\t\t\t\t\t\t\t\t\t\t\t\t<img decoding=\"async\" src=\"https:\/\/transerlogistica.com\/wp-content\/plugins\/elementor\/assets\/images\/placeholder.png\" title=\"\" alt=\"\" loading=\"lazy\" \/>\t\t\t\t\t\t\t\t\t\t\t\t\t\t\t<\/div>\n\t\t\t\t<div class=\"elementor-element elementor-element-12f22a9 elementor-widget elementor-widget-image\" data-id=\"12f22a9\" data-element_type=\"widget\" data-widget_type=\"image.default\">\n\t\t\t\t\t\t\t\t\t\t\t\t\t\t\t<img decoding=\"async\" src=\"https:\/\/transerlogistica.com\/wp-content\/plugins\/elementor\/assets\/images\/placeholder.png\" title=\"\" alt=\"\" loading=\"lazy\" \/>\t\t\t\t\t\t\t\t\t\t\t\t\t\t\t<\/div>\n\t\t\t\t<\/div>\n\t\t\t\t<\/div>\n\t\t\t\t<\/div>\n\t\t\t\t<\/div>\n\t\t","protected":false},"excerpt":{"rendered":"<p>Transporte especializado para cada necesidad. Soluciones de transporte dise\u00f1adas espec\u00edficamente para el sector de la salud, garantizando la seguridad e integridad de cada env\u00edo. \u00a0 Transporte de muestras biol\u00f3gicas y medicamentos: Contamos con el cuidado y la capacitaci\u00f3n necesarios para el traslado de muestras de laboratorio y medicaci\u00f3n que requieren manipulaci\u00f3n especial.\u00a0 \u00a0 Movimiento de [&hellip;]<\/p>\n","protected":false},"author":1,"featured_media":0,"parent":0,"menu_order":0,"comment_status":"closed","ping_status":"closed","template":"elementor_header_footer","meta":{"footnotes":""},"class_list":["post-34","page","type-page","status-publish","hentry"],"jetpack_sharing_enabled":true,"_links":{"self":[{"href":"https:\/\/transerlogistica.com\/index.php\/wp-json\/wp\/v2\/pages\/34","targetHints":{"allow":["GET"]}}],"collection":[{"href":"https:\/\/transerlogistica.com\/index.php\/wp-json\/wp\/v2\/pages"}],"about":[{"href":"https:\/\/transerlogistica.com\/index.php\/wp-json\/wp\/v2\/types\/page"}],"author":[{"embeddable":true,"href":"https:\/\/transerlogistica.com\/index.php\/wp-json\/wp\/v2\/users\/1"}],"replies":[{"embeddable":true,"href":"https:\/\/transerlogistica.com\/index.php\/wp-json\/wp\/v2\/comments?post=34"}],"version-history":[{"count":19,"href":"https:\/\/transerlogistica.com\/index.php\/wp-json\/wp\/v2\/pages\/34\/revisions"}],"predecessor-version":[{"id":188,"href":"https:\/\/transerlogistica.com\/index.php\/wp-json\/wp\/v2\/pages\/34\/revisions\/188"}],"wp:attachment":[{"href":"https:\/\/transerlogistica.com\/index.php\/wp-json\/wp\/v2\/media?parent=34"}],"curies":[{"name":"wp","href":"https:\/\/api.w.org\/{rel}","templated":true}]}}