{"id":45,"date":"2025-09-17T02:45:08","date_gmt":"2025-09-17T02:45:08","guid":{"rendered":"https:\/\/transerlogistica.com\/?page_id=45"},"modified":"2025-09-30T20:48:08","modified_gmt":"2025-09-30T20:48:08","slug":"logistica","status":"publish","type":"page","link":"https:\/\/transerlogistica.com\/index.php\/logistica\/","title":{"rendered":"Logistica"},"content":{"rendered":"\t\t<div data-elementor-type=\"wp-page\" data-elementor-id=\"45\" class=\"elementor elementor-45\" data-elementor-post-type=\"page\">\n\t\t\t\t<div class=\"elementor-element elementor-element-2f06a80 e-con-full e-flex e-con e-parent\" data-id=\"2f06a80\" data-element_type=\"container\" data-settings=\"{&quot;background_background&quot;:&quot;classic&quot;}\">\n\t\t<div class=\"elementor-element elementor-element-84cb4c3 e-con-full e-flex e-con e-child\" data-id=\"84cb4c3\" data-element_type=\"container\" data-settings=\"{&quot;background_background&quot;:&quot;classic&quot;}\">\n\t\t\t\t<div class=\"elementor-element elementor-element-0dd71b4 elementor-widget elementor-widget-heading\" data-id=\"0dd71b4\" data-element_type=\"widget\" data-widget_type=\"heading.default\">\n\t\t\t\t\t<h2 class=\"elementor-heading-title elementor-size-default\"><p><b>C\u00f3mo y d\u00f3nde operamos<\/b> <\/p>\n<\/h2>\t\t\t\t<\/div>\n\t\t\t\t<div class=\"elementor-element elementor-element-be2c0e6 elementor-widget-divider--view-line elementor-widget elementor-widget-divider\" data-id=\"be2c0e6\" data-element_type=\"widget\" data-widget_type=\"divider.default\">\n\t\t\t\t\t\t\t<div class=\"elementor-divider\">\n\t\t\t<span class=\"elementor-divider-separator\">\n\t\t\t\t\t\t<\/span>\n\t\t<\/div>\n\t\t\t\t\t\t<\/div>\n\t\t\t\t<div class=\"elementor-element elementor-element-b6a1060 elementor-widget elementor-widget-text-editor\" data-id=\"b6a1060\" data-element_type=\"widget\" data-widget_type=\"text-editor.default\">\n\t\t\t\t\t\t\t\t\t<p>En TRANSER SRL, nuestra eficiencia se basa en una operaci\u00f3n planificada para ofrecerte un servicio \u00e1gil y confiable, sin importar la hora o el destino.<\/p><ul><li><p><b>Disponibilidad 24\/7:<\/b> Las urgencias no esperan. Nuestro servicio puerta a puerta est\u00e1 disponible las 24 horas, los 365 d\u00edas del a\u00f1o.<\/p><\/li><\/ul><ul><li><p><b>Cobertura regional:<\/b> Conectamos la ciudad de Santa Fe con los principales centros urbanos. <strong>Realizamos entregas y retiros en Rosario y CABA,<\/strong> garantizando un servicio coordinado y eficiente.<\/p><\/li><\/ul>\t\t\t\t\t\t\t\t<\/div>\n\t\t\t\t<\/div>\n\t\t<div class=\"elementor-element elementor-element-2716f85 e-con-full e-flex e-con e-child\" data-id=\"2716f85\" data-element_type=\"container\" data-settings=\"{&quot;background_background&quot;:&quot;classic&quot;}\">\n\t\t\t\t<\/div>\n\t\t\t\t<\/div>\n\t\t\t\t<\/div>\n\t\t","protected":false},"excerpt":{"rendered":"<p>C\u00f3mo y d\u00f3nde operamos En TRANSER SRL, nuestra eficiencia se basa en una operaci\u00f3n planificada para ofrecerte un servicio \u00e1gil y confiable, sin importar la hora o el destino. Disponibilidad 24\/7: Las urgencias no esperan. Nuestro servicio puerta a puerta est\u00e1 disponible las 24 horas, los 365 d\u00edas del a\u00f1o. Cobertura regional: Conectamos la ciudad [&hellip;]<\/p>\n","protected":false},"author":1,"featured_media":0,"parent":0,"menu_order":0,"comment_status":"closed","ping_status":"closed","template":"elementor_header_footer","meta":{"footnotes":""},"class_list":["post-45","page","type-page","status-publish","hentry"],"jetpack_sharing_enabled":true,"_links":{"self":[{"href":"https:\/\/transerlogistica.com\/index.php\/wp-json\/wp\/v2\/pages\/45","targetHints":{"allow":["GET"]}}],"collection":[{"href":"https:\/\/transerlogistica.com\/index.php\/wp-json\/wp\/v2\/pages"}],"about":[{"href":"https:\/\/transerlogistica.com\/index.php\/wp-json\/wp\/v2\/types\/page"}],"author":[{"embeddable":true,"href":"https:\/\/transerlogistica.com\/index.php\/wp-json\/wp\/v2\/users\/1"}],"replies":[{"embeddable":true,"href":"https:\/\/transerlogistica.com\/index.php\/wp-json\/wp\/v2\/comments?post=45"}],"version-history":[{"count":19,"href":"https:\/\/transerlogistica.com\/index.php\/wp-json\/wp\/v2\/pages\/45\/revisions"}],"predecessor-version":[{"id":305,"href":"https:\/\/transerlogistica.com\/index.php\/wp-json\/wp\/v2\/pages\/45\/revisions\/305"}],"wp:attachment":[{"href":"https:\/\/transerlogistica.com\/index.php\/wp-json\/wp\/v2\/media?parent=45"}],"curies":[{"name":"wp","href":"https:\/\/api.w.org\/{rel}","templated":true}]}}