{"id":49,"date":"2025-09-17T02:47:47","date_gmt":"2025-09-17T02:47:47","guid":{"rendered":"https:\/\/transerlogistica.com\/?page_id=49"},"modified":"2025-09-30T20:48:01","modified_gmt":"2025-09-30T20:48:01","slug":"quienes-somos","status":"publish","type":"page","link":"https:\/\/transerlogistica.com\/index.php\/quienes-somos\/","title":{"rendered":"\u00bfQui\u00e9nes somos?"},"content":{"rendered":"\t\t<div data-elementor-type=\"wp-page\" data-elementor-id=\"49\" class=\"elementor elementor-49\" data-elementor-post-type=\"page\">\n\t\t\t\t<div class=\"elementor-element elementor-element-a041937 e-con-full e-flex e-con e-parent\" data-id=\"a041937\" data-element_type=\"container\" data-settings=\"{&quot;background_background&quot;:&quot;classic&quot;}\">\n\t\t<div class=\"elementor-element elementor-element-4167ad2 e-con-full e-flex e-con e-child\" data-id=\"4167ad2\" data-element_type=\"container\" data-settings=\"{&quot;background_background&quot;:&quot;classic&quot;}\">\n\t\t\t\t<div class=\"elementor-element elementor-element-b2902ca elementor-widget elementor-widget-heading\" data-id=\"b2902ca\" data-element_type=\"widget\" data-widget_type=\"heading.default\">\n\t\t\t\t\t<h2 class=\"elementor-heading-title elementor-size-default\"><p><b>La fuerza<\/b> y la confianza de un servicio realizado <b>de una familia<\/b><\/p>\n<\/h2>\t\t\t\t<\/div>\n\t\t\t\t<div class=\"elementor-element elementor-element-40d9ef6 elementor-widget-divider--view-line elementor-widget elementor-widget-divider\" data-id=\"40d9ef6\" data-element_type=\"widget\" data-widget_type=\"divider.default\">\n\t\t\t\t\t\t\t<div class=\"elementor-divider\">\n\t\t\t<span class=\"elementor-divider-separator\">\n\t\t\t\t\t\t<\/span>\n\t\t<\/div>\n\t\t\t\t\t\t<\/div>\n\t\t\t\t<div class=\"elementor-element elementor-element-62f50f2 elementor-widget elementor-widget-text-editor\" data-id=\"62f50f2\" data-element_type=\"widget\" data-widget_type=\"text-editor.default\">\n\t\t\t\t\t\t\t\t\t<p><strong>Naci\u00f3 hace m\u00e1s de <\/strong><b>20 a\u00f1os<\/b> como una empresa familiar en Santa Fe, con la clara visi\u00f3n de ofrecer un servicio de transporte diferente, basado en el compromiso y el cuidado. Creemos firmemente que detr\u00e1s de cada env\u00edo hay una persona que conf\u00eda en nosotros.<\/p><p>\u00a0<\/p><ul><li><p><b>Nuestra Misi\u00f3n:<\/b> Acompa\u00f1ar a cada cliente con un servicio personalizado, sensible y humano, cuidando lo que transportamos como si fuera propio.<\/p><\/li><\/ul><p>\u00a0<\/p><ul><li><p><b>Nuestra Visi\u00f3n:<\/b> Ser referentes en la log\u00edstica de materiales delicados y urgentes en Santa Fe y la regi\u00f3n, reconocidos por la confianza y la calidad que generamos en cada entrega.<\/p><\/li><\/ul><p>\u00a0<\/p><p>\u00a0<\/p><p><b>Nuestros Valores<\/b><\/p><p>\u00a0<\/p><ul><li><p><b>Confianza:<\/b> Entendemos lo que significa poner en nuestras manos algo tan importante.<\/p><\/li><li><p><b>Trato Humano:<\/b> Detr\u00e1s de cada env\u00edo hay personas que esperan.<\/p><\/li><li><p><b>Adaptaci\u00f3n:<\/b> Cada necesidad es \u00fanica, y por eso ofrecemos soluciones a medida.<\/p><\/li><li><p><b>Disponibilidad:<\/b> Las urgencias no entienden de horarios, y nosotros tampoco.<\/p><\/li><li><p><b>Resoluci\u00f3n:<\/b> No solo transportamos; encontramos soluciones para tus desaf\u00edos log\u00edsticos.<\/p><\/li><\/ul>\t\t\t\t\t\t\t\t<\/div>\n\t\t\t\t<\/div>\n\t\t<div class=\"elementor-element elementor-element-3d1ce03 e-con-full e-flex e-con e-child\" data-id=\"3d1ce03\" data-element_type=\"container\" data-settings=\"{&quot;background_background&quot;:&quot;classic&quot;}\">\n\t\t\t\t<\/div>\n\t\t\t\t<\/div>\n\t\t\t\t<\/div>\n\t\t","protected":false},"excerpt":{"rendered":"<p>La fuerza y la confianza de un servicio realizado de una familia Naci\u00f3 hace m\u00e1s de 20 a\u00f1os como una empresa familiar en Santa Fe, con la clara visi\u00f3n de ofrecer un servicio de transporte diferente, basado en el compromiso y el cuidado. Creemos firmemente que detr\u00e1s de cada env\u00edo hay una persona que conf\u00eda [&hellip;]<\/p>\n","protected":false},"author":1,"featured_media":0,"parent":0,"menu_order":0,"comment_status":"closed","ping_status":"closed","template":"elementor_header_footer","meta":{"footnotes":""},"class_list":["post-49","page","type-page","status-publish","hentry"],"jetpack_sharing_enabled":true,"_links":{"self":[{"href":"https:\/\/transerlogistica.com\/index.php\/wp-json\/wp\/v2\/pages\/49","targetHints":{"allow":["GET"]}}],"collection":[{"href":"https:\/\/transerlogistica.com\/index.php\/wp-json\/wp\/v2\/pages"}],"about":[{"href":"https:\/\/transerlogistica.com\/index.php\/wp-json\/wp\/v2\/types\/page"}],"author":[{"embeddable":true,"href":"https:\/\/transerlogistica.com\/index.php\/wp-json\/wp\/v2\/users\/1"}],"replies":[{"embeddable":true,"href":"https:\/\/transerlogistica.com\/index.php\/wp-json\/wp\/v2\/comments?post=49"}],"version-history":[{"count":22,"href":"https:\/\/transerlogistica.com\/index.php\/wp-json\/wp\/v2\/pages\/49\/revisions"}],"predecessor-version":[{"id":302,"href":"https:\/\/transerlogistica.com\/index.php\/wp-json\/wp\/v2\/pages\/49\/revisions\/302"}],"wp:attachment":[{"href":"https:\/\/transerlogistica.com\/index.php\/wp-json\/wp\/v2\/media?parent=49"}],"curies":[{"name":"wp","href":"https:\/\/api.w.org\/{rel}","templated":true}]}}